{"id":143,"date":"2025-04-04T07:08:43","date_gmt":"2025-04-04T07:08:43","guid":{"rendered":"https:\/\/fotovoltaicocondizionamento.com\/?page_id=143"},"modified":"2025-08-14T14:14:42","modified_gmt":"2025-08-14T14:14:42","slug":"aziende","status":"publish","type":"page","link":"https:\/\/fotovoltaicocondizionamento.com\/index.php\/aziende\/","title":{"rendered":"Aziende"},"content":{"rendered":"<p><img loading=\"lazy\" decoding=\"async\" src=\"https:\/\/fotovoltaicocondizionamento.com\/wp-content\/uploads\/2025\/08\/250626BDCElettronicaST-225x300.jpg\" alt=\"Staffaggio su grecata\" width=\"225\" height=\"300\" class=\"size-medium wp-image-177\" srcset=\"https:\/\/fotovoltaicocondizionamento.com\/wp-content\/uploads\/2025\/08\/250626BDCElettronicaST-225x300.jpg 225w, https:\/\/fotovoltaicocondizionamento.com\/wp-content\/uploads\/2025\/08\/250626BDCElettronicaST.jpg 600w\" sizes=\"auto, (max-width: 225px) 100vw, 225px\" \/> <img loading=\"lazy\" decoding=\"async\" src=\"https:\/\/fotovoltaicocondizionamento.com\/wp-content\/uploads\/2025\/08\/250626BDCElettronicaPN-225x300.jpg\" alt=\"Impianto fotovoltaico su capannone\" width=\"225\" height=\"300\" class=\"aligncenter size-medium wp-image-176\" srcset=\"https:\/\/fotovoltaicocondizionamento.com\/wp-content\/uploads\/2025\/08\/250626BDCElettronicaPN-225x300.jpg 225w, https:\/\/fotovoltaicocondizionamento.com\/wp-content\/uploads\/2025\/08\/250626BDCElettronicaPN.jpg 600w\" sizes=\"auto, (max-width: 225px) 100vw, 225px\" \/><br \/>\n<img loading=\"lazy\" decoding=\"async\" src=\"https:\/\/fotovoltaicocondizionamento.com\/wp-content\/uploads\/2025\/04\/Dacem.jpg\" alt=\"Fotovoltaico aziendale\" width=\"455\" height=\"455\" class=\"aligncenter size-full wp-image-150\" srcset=\"https:\/\/fotovoltaicocondizionamento.com\/wp-content\/uploads\/2025\/04\/Dacem.jpg 480w, https:\/\/fotovoltaicocondizionamento.com\/wp-content\/uploads\/2025\/04\/Dacem-300x300.jpg 300w, https:\/\/fotovoltaicocondizionamento.com\/wp-content\/uploads\/2025\/04\/Dacem-150x150.jpg 150w\" sizes=\"auto, (max-width: 455px) 100vw, 455px\" \/><\/p>\n<h2 style=\"text-align: center;\">Soluzioni su Misura per l\u2019Efficienza Energetica e la Sostenibilit\u00e0<\/h2>\n<p style=\"text-align: justify;\">Omnianet Energy \u00e8 il partner ideale per le aziende che desiderano:\t<\/p>\n<li>ottimizzare i propri consumi energetici,<\/li>\n<li>migliorare l\u2019efficienza operativa<\/li>\n<li>ridurre i costi energetici a lungo termine.<\/li>\n<p style=\"text-align: justify;\">Omnianet Energy non condivide il principio che un impianto fotovoltaico pi\u00f9 grande \u00e8 meglio \u00e8. L&#8217;impianto deve essere SU MISURA per le esigenze energetiche dell&#8217;azienda.<br \/>\nPer questo basiamo la nostra proposta sui reali consumi del cliente, sulla sua posizione geografica e sulla tipologia di struttura.<\/p>\n<p style=\"text-align: justify;\">Con oltre 40 anni di esperienza siamo una realt\u00e0 solida che aggiorna la propria offerta per offrire sempre il meglio.<br \/>\nDal 1984, l&#8217;azienda ha fornito soluzioni innovative per il settore civile e industriale. Oggi ci dedichiamo a fornire impianti fotovoltaici e soluzioni di climatizzazione, per il mercato aziendale, con l&#8217;obiettivo di rendere ogni impianto altamente performante e vantaggioso.<\/p>\n<p style=\"text-align: justify;\">Offriamo impianti fotovoltaici personalizzati che permettono alle aziende\t<\/p>\n<li>di abbattere i costi energetici,<\/li>\n<li>ridurre la propria impronta di carbonio<\/li>\n<li>ottenere un ritorno economico concreto in poco tempo<\/li>\n<p style=\"text-align: justify;\">Le nostre soluzioni sono pensate per rispondere alle necessit\u00e0 di qualsiasi realt\u00e0 aziendale, siano esse piccole, medie o grandi imprese. Grazie a partnership con aziende leader, possiamo garantire impianti fotovoltaici di alta qualit\u00e0, affidabili e all&#8217;avanguardia.<\/p>\n<h2 style=\"text-align: center;\">Climatizzazione e Riqualificazione Energetica<\/h2>\n<p style=\"text-align: justify;\">Le nostre soluzioni di climatizzazione estiva e invernale tramite pompe di calore sono pensate per ottimizzare i consumi energetici e migliorare il comfort ambientale all\u2019interno dei tuoi spazi aziendali. Offriamo impianti su misura che garantiscono un risparmio significativo e un ambiente di lavoro pi\u00f9 salutare e sostenibile.<\/p>\n<h2 style=\"text-align: center;\">Consulenza e Assistenza Completa<\/h2>\n<p style=\"text-align: justify;\">Ogni impianto che realizziamo \u00e8 progettato su misura per le esigenze specifiche di ogni azienda. Offriamo una consulenza gratuita, seguita da un\u2019analisi di fattibilit\u00e0 e la progettazione dell\u2019impianto ideale per ottimizzare i costi energetici e migliorare le performance. I nostri esperti sono a disposizione per accompagnare le aziende in ogni fase, dalla progettazione alla realizzazione, e fornire un&#8217;assistenza post-vendita continua per garantire il corretto funzionamento e la massima efficienza dell\u2019impianto nel tempo.<\/p>\n<h2 style=\"text-align: center;\">Investi nel Futuro della Tua Azienda<\/h2>\n<p style=\"text-align: justify;\">Scegliendo Omnianet Energy, le aziende possono beneficiare di un risparmio energetico significativo, una maggiore sostenibilit\u00e0 e un ritorno economico garantito anche grazie all&#8217;accesso facilitato alle Comunit\u00e0 Energetiche Rinnovabili (C.E.R.). Affidati a noi per migliorare l\u2019efficienza della tua azienda e contribuire a un futuro pi\u00f9 sostenibile ed economico.<\/p>\n","protected":false},"excerpt":{"rendered":"<p>Soluzioni su Misura per l\u2019Efficienza Energetica e la Sostenibilit\u00e0 Omnianet Energy \u00e8 il partner ideale per le aziende che desiderano: ottimizzare i propri consumi energetici, migliorare l\u2019efficienza operativa ridurre i costi energetici a lungo termine. Omnianet Energy non condivide il principio che un impianto fotovoltaico pi\u00f9 grande \u00e8 meglio \u00e8. L&#8217;impianto deve essere SU MISURA [&hellip;]<\/p>\n","protected":false},"author":1,"featured_media":0,"parent":0,"menu_order":3,"comment_status":"closed","ping_status":"closed","template":"","meta":{"ngg_post_thumbnail":0,"footnotes":""},"class_list":["post-143","page","type-page","status-publish","hentry"],"yoast_head":"<!-- This site is optimized with the Yoast SEO plugin v27.5 - https:\/\/yoast.com\/product\/yoast-seo-wordpress\/ -->\n<title>Aziende - Climatizzazione e fotovoltaico<\/title>\n<meta name=\"description\" content=\"Fotovoltaico aziendale: investi nel tuo futuro e risparmie da subito rientrando del tuo investimento in meno di 3 anni.\" \/>\n<meta name=\"robots\" content=\"index, follow, max-snippet:-1, max-image-preview:large, max-video-preview:-1\" \/>\n<link rel=\"canonical\" href=\"https:\/\/fotovoltaicocondizionamento.com\/index.php\/aziende\/\" \/>\n<meta property=\"og:locale\" content=\"it_IT\" \/>\n<meta property=\"og:type\" content=\"article\" \/>\n<meta property=\"og:title\" content=\"Aziende - Climatizzazione e fotovoltaico\" \/>\n<meta property=\"og:description\" content=\"Fotovoltaico aziendale: investi nel tuo futuro e risparmie da subito rientrando del tuo investimento in meno di 3 anni.\" \/>\n<meta property=\"og:url\" content=\"https:\/\/fotovoltaicocondizionamento.com\/index.php\/aziende\/\" \/>\n<meta property=\"og:site_name\" content=\"Climatizzazione e fotovoltaico\" \/>\n<meta property=\"article:modified_time\" content=\"2025-08-14T14:14:42+00:00\" \/>\n<meta property=\"og:image\" content=\"https:\/\/fotovoltaicocondizionamento.com\/wp-content\/uploads\/2025\/08\/250626BDCElettronicaST.jpg\" \/>\n\t<meta property=\"og:image:width\" content=\"600\" \/>\n\t<meta property=\"og:image:height\" content=\"800\" \/>\n\t<meta property=\"og:image:type\" content=\"image\/jpeg\" \/>\n<meta name=\"twitter:card\" content=\"summary_large_image\" \/>\n<meta name=\"twitter:label1\" content=\"Tempo di lettura stimato\" \/>\n\t<meta name=\"twitter:data1\" content=\"3 minuti\" \/>\n<script type=\"application\/ld+json\" class=\"yoast-schema-graph\">{\"@context\":\"https:\\\/\\\/schema.org\",\"@graph\":[{\"@type\":\"WebPage\",\"@id\":\"https:\\\/\\\/fotovoltaicocondizionamento.com\\\/index.php\\\/aziende\\\/\",\"url\":\"https:\\\/\\\/fotovoltaicocondizionamento.com\\\/index.php\\\/aziende\\\/\",\"name\":\"Aziende - Climatizzazione e fotovoltaico\",\"isPartOf\":{\"@id\":\"https:\\\/\\\/fotovoltaicocondizionamento.com\\\/#website\"},\"primaryImageOfPage\":{\"@id\":\"https:\\\/\\\/fotovoltaicocondizionamento.com\\\/index.php\\\/aziende\\\/#primaryimage\"},\"image\":{\"@id\":\"https:\\\/\\\/fotovoltaicocondizionamento.com\\\/index.php\\\/aziende\\\/#primaryimage\"},\"thumbnailUrl\":\"https:\\\/\\\/fotovoltaicocondizionamento.com\\\/wp-content\\\/uploads\\\/2025\\\/08\\\/250626BDCElettronicaST-225x300.jpg\",\"datePublished\":\"2025-04-04T07:08:43+00:00\",\"dateModified\":\"2025-08-14T14:14:42+00:00\",\"description\":\"Fotovoltaico aziendale: investi nel tuo futuro e risparmie da subito rientrando del tuo investimento in meno di 3 anni.\",\"breadcrumb\":{\"@id\":\"https:\\\/\\\/fotovoltaicocondizionamento.com\\\/index.php\\\/aziende\\\/#breadcrumb\"},\"inLanguage\":\"it-IT\",\"potentialAction\":[{\"@type\":\"ReadAction\",\"target\":[\"https:\\\/\\\/fotovoltaicocondizionamento.com\\\/index.php\\\/aziende\\\/\"]}]},{\"@type\":\"ImageObject\",\"inLanguage\":\"it-IT\",\"@id\":\"https:\\\/\\\/fotovoltaicocondizionamento.com\\\/index.php\\\/aziende\\\/#primaryimage\",\"url\":\"https:\\\/\\\/fotovoltaicocondizionamento.com\\\/wp-content\\\/uploads\\\/2025\\\/08\\\/250626BDCElettronicaST.jpg\",\"contentUrl\":\"https:\\\/\\\/fotovoltaicocondizionamento.com\\\/wp-content\\\/uploads\\\/2025\\\/08\\\/250626BDCElettronicaST.jpg\",\"width\":600,\"height\":800,\"caption\":\"\"},{\"@type\":\"BreadcrumbList\",\"@id\":\"https:\\\/\\\/fotovoltaicocondizionamento.com\\\/index.php\\\/aziende\\\/#breadcrumb\",\"itemListElement\":[{\"@type\":\"ListItem\",\"position\":1,\"name\":\"Home\",\"item\":\"https:\\\/\\\/fotovoltaicocondizionamento.com\\\/\"},{\"@type\":\"ListItem\",\"position\":2,\"name\":\"Aziende\"}]},{\"@type\":\"WebSite\",\"@id\":\"https:\\\/\\\/fotovoltaicocondizionamento.com\\\/#website\",\"url\":\"https:\\\/\\\/fotovoltaicocondizionamento.com\\\/\",\"name\":\"Climatizzazione no gas e fotovoltaico\",\"description\":\"Realizziamo impianti fotovoltaici e climatizzazione aziendali e residenziali\",\"publisher\":{\"@id\":\"https:\\\/\\\/fotovoltaicocondizionamento.com\\\/#organization\"},\"potentialAction\":[{\"@type\":\"SearchAction\",\"target\":{\"@type\":\"EntryPoint\",\"urlTemplate\":\"https:\\\/\\\/fotovoltaicocondizionamento.com\\\/?s={search_term_string}\"},\"query-input\":{\"@type\":\"PropertyValueSpecification\",\"valueRequired\":true,\"valueName\":\"search_term_string\"}}],\"inLanguage\":\"it-IT\"},{\"@type\":\"Organization\",\"@id\":\"https:\\\/\\\/fotovoltaicocondizionamento.com\\\/#organization\",\"name\":\"Climatizzazione no gas e fotovoltaico\",\"url\":\"https:\\\/\\\/fotovoltaicocondizionamento.com\\\/\",\"logo\":{\"@type\":\"ImageObject\",\"inLanguage\":\"it-IT\",\"@id\":\"https:\\\/\\\/fotovoltaicocondizionamento.com\\\/#\\\/schema\\\/logo\\\/image\\\/\",\"url\":\"https:\\\/\\\/fotovoltaicocondizionamento.com\\\/wp-content\\\/uploads\\\/2025\\\/01\\\/cropped-Logo-ok1-1.png\",\"contentUrl\":\"https:\\\/\\\/fotovoltaicocondizionamento.com\\\/wp-content\\\/uploads\\\/2025\\\/01\\\/cropped-Logo-ok1-1.png\",\"width\":924,\"height\":250,\"caption\":\"Climatizzazione no gas e fotovoltaico\"},\"image\":{\"@id\":\"https:\\\/\\\/fotovoltaicocondizionamento.com\\\/#\\\/schema\\\/logo\\\/image\\\/\"}}]}<\/script>\n<!-- \/ Yoast SEO plugin. -->","yoast_head_json":{"title":"Aziende - Climatizzazione e fotovoltaico","description":"Fotovoltaico aziendale: investi nel tuo futuro e risparmie da subito rientrando del tuo investimento in meno di 3 anni.","robots":{"index":"index","follow":"follow","max-snippet":"max-snippet:-1","max-image-preview":"max-image-preview:large","max-video-preview":"max-video-preview:-1"},"canonical":"https:\/\/fotovoltaicocondizionamento.com\/index.php\/aziende\/","og_locale":"it_IT","og_type":"article","og_title":"Aziende - Climatizzazione e fotovoltaico","og_description":"Fotovoltaico aziendale: investi nel tuo futuro e risparmie da subito rientrando del tuo investimento in meno di 3 anni.","og_url":"https:\/\/fotovoltaicocondizionamento.com\/index.php\/aziende\/","og_site_name":"Climatizzazione e fotovoltaico","article_modified_time":"2025-08-14T14:14:42+00:00","og_image":[{"width":600,"height":800,"url":"https:\/\/fotovoltaicocondizionamento.com\/wp-content\/uploads\/2025\/08\/250626BDCElettronicaST.jpg","type":"image\/jpeg"}],"twitter_card":"summary_large_image","twitter_misc":{"Tempo di lettura stimato":"3 minuti"},"schema":{"@context":"https:\/\/schema.org","@graph":[{"@type":"WebPage","@id":"https:\/\/fotovoltaicocondizionamento.com\/index.php\/aziende\/","url":"https:\/\/fotovoltaicocondizionamento.com\/index.php\/aziende\/","name":"Aziende - Climatizzazione e fotovoltaico","isPartOf":{"@id":"https:\/\/fotovoltaicocondizionamento.com\/#website"},"primaryImageOfPage":{"@id":"https:\/\/fotovoltaicocondizionamento.com\/index.php\/aziende\/#primaryimage"},"image":{"@id":"https:\/\/fotovoltaicocondizionamento.com\/index.php\/aziende\/#primaryimage"},"thumbnailUrl":"https:\/\/fotovoltaicocondizionamento.com\/wp-content\/uploads\/2025\/08\/250626BDCElettronicaST-225x300.jpg","datePublished":"2025-04-04T07:08:43+00:00","dateModified":"2025-08-14T14:14:42+00:00","description":"Fotovoltaico aziendale: investi nel tuo futuro e risparmie da subito rientrando del tuo investimento in meno di 3 anni.","breadcrumb":{"@id":"https:\/\/fotovoltaicocondizionamento.com\/index.php\/aziende\/#breadcrumb"},"inLanguage":"it-IT","potentialAction":[{"@type":"ReadAction","target":["https:\/\/fotovoltaicocondizionamento.com\/index.php\/aziende\/"]}]},{"@type":"ImageObject","inLanguage":"it-IT","@id":"https:\/\/fotovoltaicocondizionamento.com\/index.php\/aziende\/#primaryimage","url":"https:\/\/fotovoltaicocondizionamento.com\/wp-content\/uploads\/2025\/08\/250626BDCElettronicaST.jpg","contentUrl":"https:\/\/fotovoltaicocondizionamento.com\/wp-content\/uploads\/2025\/08\/250626BDCElettronicaST.jpg","width":600,"height":800,"caption":""},{"@type":"BreadcrumbList","@id":"https:\/\/fotovoltaicocondizionamento.com\/index.php\/aziende\/#breadcrumb","itemListElement":[{"@type":"ListItem","position":1,"name":"Home","item":"https:\/\/fotovoltaicocondizionamento.com\/"},{"@type":"ListItem","position":2,"name":"Aziende"}]},{"@type":"WebSite","@id":"https:\/\/fotovoltaicocondizionamento.com\/#website","url":"https:\/\/fotovoltaicocondizionamento.com\/","name":"Climatizzazione no gas e fotovoltaico","description":"Realizziamo impianti fotovoltaici e climatizzazione aziendali e residenziali","publisher":{"@id":"https:\/\/fotovoltaicocondizionamento.com\/#organization"},"potentialAction":[{"@type":"SearchAction","target":{"@type":"EntryPoint","urlTemplate":"https:\/\/fotovoltaicocondizionamento.com\/?s={search_term_string}"},"query-input":{"@type":"PropertyValueSpecification","valueRequired":true,"valueName":"search_term_string"}}],"inLanguage":"it-IT"},{"@type":"Organization","@id":"https:\/\/fotovoltaicocondizionamento.com\/#organization","name":"Climatizzazione no gas e fotovoltaico","url":"https:\/\/fotovoltaicocondizionamento.com\/","logo":{"@type":"ImageObject","inLanguage":"it-IT","@id":"https:\/\/fotovoltaicocondizionamento.com\/#\/schema\/logo\/image\/","url":"https:\/\/fotovoltaicocondizionamento.com\/wp-content\/uploads\/2025\/01\/cropped-Logo-ok1-1.png","contentUrl":"https:\/\/fotovoltaicocondizionamento.com\/wp-content\/uploads\/2025\/01\/cropped-Logo-ok1-1.png","width":924,"height":250,"caption":"Climatizzazione no gas e fotovoltaico"},"image":{"@id":"https:\/\/fotovoltaicocondizionamento.com\/#\/schema\/logo\/image\/"}}]}},"_links":{"self":[{"href":"https:\/\/fotovoltaicocondizionamento.com\/index.php\/wp-json\/wp\/v2\/pages\/143","targetHints":{"allow":["GET"]}}],"collection":[{"href":"https:\/\/fotovoltaicocondizionamento.com\/index.php\/wp-json\/wp\/v2\/pages"}],"about":[{"href":"https:\/\/fotovoltaicocondizionamento.com\/index.php\/wp-json\/wp\/v2\/types\/page"}],"author":[{"embeddable":true,"href":"https:\/\/fotovoltaicocondizionamento.com\/index.php\/wp-json\/wp\/v2\/users\/1"}],"replies":[{"embeddable":true,"href":"https:\/\/fotovoltaicocondizionamento.com\/index.php\/wp-json\/wp\/v2\/comments?post=143"}],"version-history":[{"count":14,"href":"https:\/\/fotovoltaicocondizionamento.com\/index.php\/wp-json\/wp\/v2\/pages\/143\/revisions"}],"predecessor-version":[{"id":204,"href":"https:\/\/fotovoltaicocondizionamento.com\/index.php\/wp-json\/wp\/v2\/pages\/143\/revisions\/204"}],"wp:attachment":[{"href":"https:\/\/fotovoltaicocondizionamento.com\/index.php\/wp-json\/wp\/v2\/media?parent=143"}],"curies":[{"name":"wp","href":"https:\/\/api.w.org\/{rel}","templated":true}]}}